{"id":84,"date":"2024-01-09T19:52:47","date_gmt":"2024-01-09T18:52:47","guid":{"rendered":"http:\/\/localhost:8080\/?page_id=84"},"modified":"2026-01-04T11:11:49","modified_gmt":"2026-01-04T10:11:49","slug":"speisekarte","status":"publish","type":"page","link":"https:\/\/www.hakans-imbiss.de\/?page_id=84","title":{"rendered":"Speisekarte"},"content":{"rendered":"\n<p class=\"has-medium-font-size\"><em>Hier finden Sie unser aktuelles Angebot. Weitere Optionen finden Sie in unserem <a href=\"https:\/\/www.hakans-imbiss.de\/webshop\/\">Webshop<\/a>. Sie k\u00f6nnen diese Speisekarte <a href=\"https:\/\/www.hakans-imbiss.de\/wp-content\/uploads\/2026\/01\/Speisekarte.pdf\">herunterladen<\/a>.<\/em><\/p>\n\n\n\n<div class=\"wp-block-columns is-layout-flex wp-container-core-columns-is-layout-9d6595d7 wp-block-columns-is-layout-flex\">\n<div class=\"wp-block-column is-layout-flow wp-block-column-is-layout-flow\" style=\"flex-basis:100%\">\n<div class=\"wp-block-group\"><div class=\"wp-block-group__inner-container is-layout-constrained wp-block-group-is-layout-constrained\">\n<figure class=\"wp-block-table is-style-stripes has-medium-font-size\"><table><thead><tr><th class=\"has-text-align-left\" data-align=\"left\"><em>D\u00f6ner<\/em><\/th><th class=\"has-text-align-right\" data-align=\"right\"><em>Preis<\/em><\/th><\/tr><\/thead><tbody><tr><td class=\"has-text-align-left\" data-align=\"left\"><em><strong>D\u00f6ner<\/strong><br>mit Feta<br>mit Halloumi<\/em><\/td><td class=\"has-text-align-right\" data-align=\"right\"><em><strong>6,50\u20ac<\/strong><br>+ 1,00\u20ac<br>+ 2,00\u20ac<\/em><\/td><\/tr><tr><td class=\"has-text-align-left\" data-align=\"left\"><em><strong>Mega D\u00f6ner<\/strong><br>mit Feta<br>mit Halloumi<\/em><\/td><td class=\"has-text-align-right\" data-align=\"right\"><em><strong>7,50\u20ac<\/strong><br>+ 1,00\u20ac<br>+ 2,00\u20ac<\/em><\/td><\/tr><tr><td class=\"has-text-align-left\" data-align=\"left\"><em><strong>D\u00f6ner Vegetarisch<\/strong><br>mit Feta<br>mit Halloumi<br>mit Falafel<\/em><\/td><td class=\"has-text-align-right\" data-align=\"right\"><em><strong>5,50\u20ac<\/strong><br>+ 1,00\u20ac<br>+ 2,00\u20ac<br>+ 2,00\u20ac<\/em><\/td><\/tr><tr><td class=\"has-text-align-left\" data-align=\"left\"><em><strong>T\u00fcrkische Pizza<\/strong><br>mit Feta<\/em><\/td><td class=\"has-text-align-right\" data-align=\"right\"><em><strong>7,50\u20ac<\/strong><br>+ 1,00\u20ac<\/em><\/td><\/tr><tr><td class=\"has-text-align-left\" data-align=\"left\"><strong><em>D<\/em><\/strong><em><strong>\u00f6ner-Teller<\/strong><br>mit Feta<br>mit doppelt Fleisch<\/em><\/td><td class=\"has-text-align-right\" data-align=\"right\"><em><strong>11,00\u20ac<\/strong><br>+ 1,00\u20ac<br>+ 2,00\u20ac<\/em><\/td><\/tr><tr><td class=\"has-text-align-left\" data-align=\"left\"><em><strong>D\u00f6ner-Box<\/strong> mit Pommes<br>klein<br>gro\u00df<\/em><\/td><td class=\"has-text-align-right\" data-align=\"right\"><br><em><strong>6,50\u20ac<\/strong><br><strong>7,50\u20ac<\/strong><\/em><\/td><\/tr><tr><td class=\"has-text-align-left\" data-align=\"left\"><strong><em>D\u00f6ner-Box<\/em><\/strong><em> mit Salat<\/em><br><em>klein<br>gro\u00df<\/em><\/td><td class=\"has-text-align-right\" data-align=\"right\"><br><em><strong>6,50\u20ac<br>7,50\u20ac<\/strong><\/em><\/td><\/tr><\/tbody><\/table><\/figure>\n<\/div><\/div>\n<\/div>\n<\/div>\n\n\n\n<div style=\"height:56px\" aria-hidden=\"true\" class=\"wp-block-spacer\"><\/div>\n\n\n\n<figure class=\"wp-block-table is-style-stripes has-medium-font-size\"><table><thead><tr><th class=\"has-text-align-left\" data-align=\"left\"><em>Pizza<\/em><\/th><th class=\"has-text-align-right\" data-align=\"right\"><em>Preis<\/em><\/th><\/tr><\/thead><tbody><tr><td class=\"has-text-align-left\" data-align=\"left\"><strong><em>Pizza Margarita<\/em><\/strong><em><br>klein<br>gro\u00df<\/em><\/td><td class=\"has-text-align-right\" data-align=\"right\"><br><em><strong>6,50\u20ac<br>7,50\u20ac<\/strong><\/em><\/td><\/tr><tr><td class=\"has-text-align-left\" data-align=\"left\"><strong><em>Pizza Salami<\/em><\/strong><em><br>klein<br>gro\u00df<\/em><\/td><td class=\"has-text-align-right\" data-align=\"right\"><br><em><strong>7,00\u20ac<br>8,00\u20ac<\/strong><\/em><\/td><\/tr><tr><td class=\"has-text-align-left\" data-align=\"left\"><strong><em>Pizza Schinken<\/em><\/strong><em><br>klein<br>gro\u00df<\/em><\/td><td class=\"has-text-align-right\" data-align=\"right\"><br><em><strong>7,50\u20ac<br>8,50\u20ac<\/strong><\/em><\/td><\/tr><tr><td class=\"has-text-align-left\" data-align=\"left\"><strong><em>Pizza Salami und Schinken<\/em><\/strong><em><br>klein<br>gro\u00df<\/em><\/td><td class=\"has-text-align-right\" data-align=\"right\"><br><strong><em>7,50\u20ac<br>8,50\u20ac<\/em><\/strong><\/td><\/tr><tr><td class=\"has-text-align-left\" data-align=\"left\"><strong><em>Pizza Hawaii<\/em><\/strong><em><br>klein<br>gro\u00df<\/em><\/td><td class=\"has-text-align-right\" data-align=\"right\"><br><strong><em>8,50\u20ac<br>9,50\u20ac<\/em><\/strong><\/td><\/tr><tr><td class=\"has-text-align-left\" data-align=\"left\"><strong><em>Pizza Vier Jahreszeiten<\/em><\/strong><em><br>klein<br>gro\u00df<\/em><\/td><td class=\"has-text-align-right\" data-align=\"right\"><strong><em><br><strong><em>8,50\u20ac<br>9,50\u20ac<\/em><\/strong><\/em><\/strong><\/td><\/tr><tr><td class=\"has-text-align-left\" data-align=\"left\"><strong><em>Pizza Tonno<\/em><\/strong><em><br>klein<br>gro\u00df<\/em><\/td><td class=\"has-text-align-right\" data-align=\"right\"><strong><em><br><strong><em>8,50\u20ac<br>9,50\u20ac<\/em><\/strong><\/em><\/strong><\/td><\/tr><tr><td class=\"has-text-align-left\" data-align=\"left\"><strong><em>Pizza Mexicana<\/em><\/strong><em><br>klein<br>gro\u00df<\/em><\/td><td class=\"has-text-align-right\" data-align=\"right\"><strong><em><br><strong><em>8,50\u20ac<br>9,50\u20ac<\/em><\/strong><\/em><\/strong><\/td><\/tr><tr><td class=\"has-text-align-left\" data-align=\"left\"><strong><em>Pizza Vegetarisch<\/em><\/strong><em><br>klein<br>gro\u00df<\/em><\/td><td class=\"has-text-align-right\" data-align=\"right\"><br><strong><em>8,00\u20ac<br>9,00\u20ac<\/em><\/strong><\/td><\/tr><tr><td class=\"has-text-align-left\" data-align=\"left\"><strong><em>Pizza Hakan<\/em><\/strong><em><br>klein<br>gro\u00df<\/em><\/td><td class=\"has-text-align-right\" data-align=\"right\"><br><strong><em>8,50\u20ac<br>9,50\u20ac<\/em><\/strong><\/td><\/tr><tr><td class=\"has-text-align-left\" data-align=\"left\"><strong><em>Pizza Calzone<\/em><\/strong><\/td><td class=\"has-text-align-right\" data-align=\"right\"><strong><em>8,50\u20ac<\/em><\/strong><\/td><\/tr><tr><td class=\"has-text-align-left\" data-align=\"left\"><strong><em>Pizza Mafiosi<\/em><\/strong><em><br>klein<br>gro\u00df<\/em><\/td><td class=\"has-text-align-right\" data-align=\"right\"><br><strong><em>8,50\u20ac<br>9,50\u20ac<\/em><\/strong><\/td><\/tr><tr><td class=\"has-text-align-left\" data-align=\"left\"><strong><em>Pizza Spinat mit Ei<\/em><\/strong><em><br>klein<br>gro\u00df<\/em><\/td><td class=\"has-text-align-right\" data-align=\"right\"><br><strong><em><strong>8<em>,50\u20ac<\/em><\/strong><br>9,50\u20ac<\/em><\/strong><\/td><\/tr><tr><td class=\"has-text-align-left\" data-align=\"left\"><strong><em>Pizza Sucuk<\/em><\/strong><em><br>klein<br>gro\u00df<\/em><\/td><td class=\"has-text-align-right\" data-align=\"right\"><br><strong><em>8,50\u20ac<br>9,50\u20ac<\/em><\/strong><\/td><\/tr><tr><td class=\"has-text-align-left\" data-align=\"left\"><strong><em>Pizza Shrimps<\/em><\/strong><em><br>klein<br>gro\u00df<\/em><\/td><td class=\"has-text-align-right\" data-align=\"right\"><br><strong><em>9,00\u20ac<br>10,00\u20ac<\/em><\/strong><\/td><\/tr><tr><td class=\"has-text-align-left\" data-align=\"left\"><strong><em>Pizza Tomate Zwiebel<\/em><\/strong><em><br>klein<br>gro\u00df<\/em><\/td><td class=\"has-text-align-right\" data-align=\"right\"><br><strong><em>8,50\u20ac<br>9,50\u20ac<\/em><\/strong><\/td><\/tr><\/tbody><\/table><\/figure>\n\n\n\n<div style=\"height:56px\" aria-hidden=\"true\" class=\"wp-block-spacer\"><\/div>\n\n\n\n<figure class=\"wp-block-table is-style-stripes has-medium-font-size\"><table><thead><tr><th class=\"has-text-align-left\" data-align=\"left\"><em>Burger<\/em><\/th><th class=\"has-text-align-right\" data-align=\"right\"><em>Preis<\/em><\/th><\/tr><\/thead><tbody><tr><td class=\"has-text-align-left\" data-align=\"left\"><strong><em>Hamburger<\/em><\/strong><\/td><td class=\"has-text-align-right\" data-align=\"right\"><strong><em>6,50\u20ac<\/em><\/strong><\/td><\/tr><tr><td class=\"has-text-align-left\" data-align=\"left\"><strong><em>Cheeseburger<\/em><\/strong><\/td><td class=\"has-text-align-right\" data-align=\"right\"><strong><em>7,50\u20ac<\/em><\/strong><\/td><\/tr><tr><td class=\"has-text-align-left\" data-align=\"left\"><strong><em>BBQ Burger<\/em><\/strong><\/td><td class=\"has-text-align-right\" data-align=\"right\"><strong><em>8,50\u20ac<\/em><\/strong><\/td><\/tr><tr><td class=\"has-text-align-left\" data-align=\"left\"><strong><em>Chicken Burger<\/em><\/strong><\/td><td class=\"has-text-align-right\" data-align=\"right\"><strong><em>7,50\u20ac<\/em><\/strong><\/td><\/tr><tr><td class=\"has-text-align-left\" data-align=\"left\"><em><strong>Nuggets<\/strong><\/em><br><em>5er<br>9er<br>12er<\/em><\/td><td class=\"has-text-align-right\" data-align=\"right\"><em><strong><br>3,50\u20ac<br>6,00\u20ac<br>8,00\u20ac<\/strong><\/em><\/td><\/tr><\/tbody><\/table><\/figure>\n\n\n\n<div style=\"height:56px\" aria-hidden=\"true\" class=\"wp-block-spacer\"><\/div>\n\n\n\n<figure class=\"wp-block-table is-style-stripes has-medium-font-size\"><table><thead><tr><th class=\"has-text-align-left\" data-align=\"left\"><em>Deutsche Gerichte<\/em><\/th><th class=\"has-text-align-right\" data-align=\"right\"><em>Preis<\/em><\/th><\/tr><\/thead><tbody><tr><td class=\"has-text-align-left\" data-align=\"left\"><strong><em>Riesencurrywurst<\/em><\/strong><br><em>mit Brot<br>mit Pommes<br>mit Pommes und Salat<\/em><\/td><td class=\"has-text-align-right\" data-align=\"right\"><br><strong><em>4,50\u20ac<br>7,50\u20ac<br>9,50\u20ac<\/em><\/strong><\/td><\/tr><tr><td class=\"has-text-align-left\" data-align=\"left\"><strong><em>Schnitzel<\/em><\/strong><br><em>mit Brot<br>mit Pommes<br>mit Pommes und Salat<\/em><\/td><td class=\"has-text-align-right\" data-align=\"right\"><br><strong><em>5,00\u20ac<br>8,00\u20ac<br>10,00\u20ac<\/em><\/strong><\/td><\/tr><tr><td class=\"has-text-align-left\" data-align=\"left\"><strong><em>Boulette<\/em><\/strong><br><em>mit Brot<br>mit Pommes<br>mit Pommes und Salat<\/em><\/td><td class=\"has-text-align-right\" data-align=\"right\"><br><strong><em>3,50\u20ac<br>6,50\u20ac<br>8,50\u20ac<\/em><\/strong><\/td><\/tr><\/tbody><\/table><\/figure>\n\n\n\n<div style=\"height:56px\" aria-hidden=\"true\" class=\"wp-block-spacer\"><\/div>\n\n\n\n<figure class=\"wp-block-table is-style-stripes has-medium-font-size\"><table><thead><tr><th class=\"has-text-align-left\" data-align=\"left\"><em>Salate<\/em><\/th><th class=\"has-text-align-right\" data-align=\"right\"><em>Preis<\/em><\/th><\/tr><\/thead><tbody><tr><td class=\"has-text-align-left\" data-align=\"left\"><strong><em>Gemischter Salat<\/em><\/strong><br><em>mit Feta<br>mit Schinken<br>mit Thunfisch<br>mit D\u00f6nerfleisch<br>mit Halloumi<br>mit Falafel<\/em><\/td><td class=\"has-text-align-right\" data-align=\"right\"><strong><em>6,00\u20ac<br><\/em><\/strong><em>+ 1,00\u20ac<br>+ 1,00\u20ac<br>+ 1,50\u20ac<br>+ 2,00\u20ac<br>+ 2,00\u20ac<br>+ 2,00\u20ac<\/em><\/td><\/tr><\/tbody><\/table><\/figure>\n\n\n\n<div style=\"height:56px\" aria-hidden=\"true\" class=\"wp-block-spacer\"><\/div>\n\n\n\n<figure class=\"wp-block-table is-style-stripes has-medium-font-size\"><table><thead><tr><th class=\"has-text-align-left\" data-align=\"left\"><em>PASTA<\/em><\/th><th class=\"has-text-align-right\" data-align=\"right\"><em>Preis<\/em><\/th><\/tr><\/thead><tbody><tr><td class=\"has-text-align-left\" data-align=\"left\"><em><strong>Spaghetti<\/strong> Tomatensauce<br>mit K\u00e4se \u00fcberbacken<\/em><\/td><td class=\"has-text-align-right\" data-align=\"right\"><em><strong>6,50\u20ac<\/strong><br>+ 1,00\u20ac<\/em><\/td><\/tr><tr><td class=\"has-text-align-left\" data-align=\"left\"><em><strong>Spaghetti<\/strong> Bolognese<br>mit K\u00e4se \u00fcberbacken<\/em><\/td><td class=\"has-text-align-right\" data-align=\"right\"><em><strong>7,50\u20ac<\/strong><br>+1,00\u20ac<\/em><\/td><\/tr><\/tbody><\/table><\/figure>\n\n\n\n<div style=\"height:56px\" aria-hidden=\"true\" class=\"wp-block-spacer\"><\/div>\n\n\n\n<figure class=\"wp-block-table is-style-stripes has-medium-font-size\"><table><thead><tr><th class=\"has-text-align-left\" data-align=\"left\"><em>Beilage<\/em><\/th><th class=\"has-text-align-right\" data-align=\"right\"><em>Preis<\/em><\/th><\/tr><\/thead><tbody><tr><td class=\"has-text-align-left\" data-align=\"left\"><em><strong>Portion Pommes<\/strong><br>+ Portion Ketchup<br>+ Portion Mayo<\/em><\/td><td class=\"has-text-align-right\" data-align=\"right\"><em><strong>3,00\u20ac<\/strong><br>+ 0,40\u20ac<br>+ 0,40\u20ac<\/em><\/td><\/tr><tr><td class=\"has-text-align-left\" data-align=\"left\"><strong><em>Reis<\/em><\/strong><\/td><td class=\"has-text-align-right\" data-align=\"right\"><strong><em>3,00\u20ac<\/em><\/strong><\/td><\/tr><tr><td class=\"has-text-align-left\" data-align=\"left\"><strong><em>Nudeln<\/em><\/strong><\/td><td class=\"has-text-align-right\" data-align=\"right\"><em><strong>3,00\u20ac<\/strong><\/em><\/td><\/tr><\/tbody><\/table><\/figure>\n\n\n\n<div style=\"height:56px\" aria-hidden=\"true\" class=\"wp-block-spacer\"><\/div>\n\n\n\n<figure class=\"wp-block-table is-style-stripes has-medium-font-size\"><table><thead><tr><th class=\"has-text-align-left\" data-align=\"left\"><em>GETR\u00c4NKE<\/em> (Auszug)<\/th><th class=\"has-text-align-right\" data-align=\"right\"><em>Preis<\/em><\/th><\/tr><\/thead><tbody><tr><td class=\"has-text-align-left\" data-align=\"left\"><em><strong>Cola<\/strong><br>0,5l<\/em><\/td><td class=\"has-text-align-right\" data-align=\"right\"><em><strong>2,50\u20ac<\/strong><\/em><\/td><\/tr><tr><td class=\"has-text-align-left\" data-align=\"left\"><strong><em><em><strong>Fanta<\/strong><br><\/em><\/em><\/strong><em><em>0,5l<\/em><\/em><\/td><td class=\"has-text-align-right\" data-align=\"right\"><em><strong>2,50\u20ac<\/strong><\/em><\/td><\/tr><tr><td class=\"has-text-align-left\" data-align=\"left\"><strong><em><em><strong>Sprite<\/strong><br><\/em><\/em><\/strong><em><em>0,5l<\/em><\/em><\/td><td class=\"has-text-align-right\" data-align=\"right\"><strong><em>2,50\u20ac<\/em><\/strong><\/td><\/tr><tr><td class=\"has-text-align-left\" data-align=\"left\"><strong><em><em><strong>Wasser<\/strong><br><\/em><\/em><\/strong><em><em>0,5l<\/em><\/em><\/td><td class=\"has-text-align-right\" data-align=\"right\"><em><strong>2,50\u20ac<\/strong><\/em><\/td><\/tr><tr><td class=\"has-text-align-left\" data-align=\"left\"><strong><em>Vanille-Milch<br><\/em><\/strong><em>0,5l<\/em><\/td><td class=\"has-text-align-right\" data-align=\"right\"><strong><em>2,50\u20ac<\/em><\/strong><\/td><\/tr><tr><td class=\"has-text-align-left\" data-align=\"left\"><strong><em>Bananen-Milch<br><\/em><\/strong><em>0,5l<\/em><\/td><td class=\"has-text-align-right\" data-align=\"right\"><strong><em>2,50\u20ac<\/em><\/strong><\/td><\/tr><tr><td class=\"has-text-align-left\" data-align=\"left\"><strong><em>Erdbeer-Milch<br><\/em><\/strong><em>0,5l<\/em><\/td><td class=\"has-text-align-right\" data-align=\"right\"><strong><em>2,50\u20ac<\/em><\/strong><\/td><\/tr><tr><td class=\"has-text-align-left\" data-align=\"left\"><strong><em>Schoko-Milch<br><\/em><\/strong><em>0,5l<\/em><\/td><td class=\"has-text-align-right\" data-align=\"right\"><strong>2<em>,50\u20ac<\/em><\/strong><\/td><\/tr><tr><td class=\"has-text-align-left\" data-align=\"left\"><strong><em>Bier<br><\/em><\/strong><em>0,5l<\/em><\/td><td class=\"has-text-align-right\" data-align=\"right\"><strong><em>2,50\u20ac<\/em><\/strong><\/td><\/tr><\/tbody><\/table><\/figure>\n","protected":false},"excerpt":{"rendered":"<p>Hier finden Sie unser aktuelles Angebot. Weitere Optionen finden Sie in unserem Webshop. Sie k\u00f6nnen diese Speisekarte herunterladen. D\u00f6ner Preis D\u00f6nermit Fetamit Halloumi 6,50\u20ac+ 1,00\u20ac+ 2,00\u20ac Mega D\u00f6nermit Fetamit Halloumi 7,50\u20ac+ 1,00\u20ac+ 2,00\u20ac D\u00f6ner Vegetarischmit Fetamit Halloumimit Falafel 5,50\u20ac+ 1,00\u20ac+ 2,00\u20ac+ 2,00\u20ac T\u00fcrkische Pizzamit Feta 7,50\u20ac+ 1,00\u20ac D\u00f6ner-Tellermit Fetamit doppelt Fleisch 11,00\u20ac+ 1,00\u20ac+ 2,00\u20ac D\u00f6ner-Box [&hellip;]<\/p>\n","protected":false},"author":1,"featured_media":0,"parent":0,"menu_order":0,"comment_status":"closed","ping_status":"closed","template":"","meta":{"footnotes":""},"class_list":["post-84","page","type-page","status-publish","hentry","entry"],"_links":{"self":[{"href":"https:\/\/www.hakans-imbiss.de\/index.php?rest_route=\/wp\/v2\/pages\/84","targetHints":{"allow":["GET"]}}],"collection":[{"href":"https:\/\/www.hakans-imbiss.de\/index.php?rest_route=\/wp\/v2\/pages"}],"about":[{"href":"https:\/\/www.hakans-imbiss.de\/index.php?rest_route=\/wp\/v2\/types\/page"}],"author":[{"embeddable":true,"href":"https:\/\/www.hakans-imbiss.de\/index.php?rest_route=\/wp\/v2\/users\/1"}],"replies":[{"embeddable":true,"href":"https:\/\/www.hakans-imbiss.de\/index.php?rest_route=%2Fwp%2Fv2%2Fcomments&post=84"}],"version-history":[{"count":33,"href":"https:\/\/www.hakans-imbiss.de\/index.php?rest_route=\/wp\/v2\/pages\/84\/revisions"}],"predecessor-version":[{"id":217,"href":"https:\/\/www.hakans-imbiss.de\/index.php?rest_route=\/wp\/v2\/pages\/84\/revisions\/217"}],"wp:attachment":[{"href":"https:\/\/www.hakans-imbiss.de\/index.php?rest_route=%2Fwp%2Fv2%2Fmedia&parent=84"}],"curies":[{"name":"wp","href":"https:\/\/api.w.org\/{rel}","templated":true}]}}