{"id":67,"date":"2024-01-09T19:43:43","date_gmt":"2024-01-09T18:43:43","guid":{"rendered":"http:\/\/localhost:8080\/?page_id=67"},"modified":"2026-01-04T10:21:51","modified_gmt":"2026-01-04T09:21:51","slug":"ueber-uns","status":"publish","type":"page","link":"https:\/\/www.hakans-imbiss.de\/?page_id=67","title":{"rendered":"\u00dcber uns"},"content":{"rendered":"\n<p class=\"has-medium-font-size\"><em><strong>Hakans Imbiss \u2013 Frisch, lecker und mit Liebe zubereitet!<\/strong><br><br>Hakans Imbiss wurde bereits im Jahr 2004 er\u00f6ffnet. Urspr\u00fcnglich starteten wir mit unserem Imbisswagen vor der damaligen Norma-Filiale in Gro\u00df Kreutz. Nur ein Jahr sp\u00e4ter zogen wir an unseren jetzigen Standort, wo wir unseren Kunden einen schnellen und schmackhaften Imbiss anbieten.<br><br>Unser Angebot umfasst eine Vielzahl von D\u00f6nergerichten, Pizzen, Nudelgerichten, Salaten, Currywurst, Schnitzel und vielen weiteren Leckereien. Bei uns findet jeder etwas nach seinem Geschmack. Hakan legt besonders gro\u00dfen Wert darauf, dass alle Speisen t\u00e4glich frisch zubereitet werden. Sauberkeit steht bei ihm an oberster Stelle. Jeden Morgen schneidet er die Salate pers\u00f6nlich von Hand und verzichtet auf abgepacktes Gem\u00fcse. Auch unsere So\u00dfen und den <em>Pizzateig<\/em><\/em> <em>stellt er nach eigener Rezeptur selbst her. Ganz ohne Zusatzstoffe.<br><br>Seit dem 13.01.2020 bieten wir zus\u00e4tzlich eine Feinkost-Ecke mit Frischk\u00e4secremes, eingelegten Oliven, Peperoni und Kirschpaprika an. Diese Feinkost ist das Resultat von Hakans Leidenschaft f\u00fcr gutes Essen. Die Frischk\u00e4secremes fertigt er mit besten Zutaten in eigener Herstellung an. Die Rezepte stammen aus seiner Familientradition. Die Oliven beziehen wir naturbelassen und legen sie nach eigener Rezeptur ein.<br><br>Schmecken Sie den Unterschied!<\/em><\/p>\n\n\n\n<div style=\"height:62px\" aria-hidden=\"true\" class=\"wp-block-spacer\"><\/div>\n\n\n\n<p class=\"has-medium-font-size\"><em><strong>\u00dcber den Gr\u00fcnder<\/strong><\/em><\/p>\n\n\n\n<div class=\"wp-block-media-text is-stacked-on-mobile\" style=\"grid-template-columns:30% auto\"><figure class=\"wp-block-media-text__media\"><img loading=\"lazy\" decoding=\"async\" width=\"423\" height=\"423\" src=\"https:\/\/www.hakans-imbiss.de\/wp-content\/uploads\/2026\/01\/bild.png\" alt=\"\" class=\"wp-image-207 size-full\" srcset=\"https:\/\/www.hakans-imbiss.de\/wp-content\/uploads\/2026\/01\/bild.png 423w, https:\/\/www.hakans-imbiss.de\/wp-content\/uploads\/2026\/01\/bild-300x300.png 300w, https:\/\/www.hakans-imbiss.de\/wp-content\/uploads\/2026\/01\/bild-150x150.png 150w\" sizes=\"auto, (max-width: 423px) 100vw, 423px\" \/><\/figure><div class=\"wp-block-media-text__content\">\n<p class=\"has-text-align-left\"><em>Hakan Y\u00fcksel wurde im Dezember 1970 in Goslar geboren, wo er auch aufwuchs. Schon in jungen Jahren entwickelte er eine Leidenschaft f\u00fcr die Gastronomie und arbeitete viele Jahre in einer Pizzeria. Der Kontakt mit Menschen, die Gespr\u00e4che und die Freude, ihnen gutes Essen zu servieren, waren f\u00fcr ihn immer eine Herzensangelegenheit.<br><br>1999 zog Hakan der Liebe wegen nach Gro\u00df Kreutz, wo er zun\u00e4chst wieder im Imbissbereich t\u00e4tig war. Doch seine Leidenschaft f\u00fcr gutes Essen und die Freude, seine eigenen Ideen umzusetzen, f\u00fchrten ihn 2004 dazu, den Schritt in die Selbstst\u00e4ndigkeit zu wagen. Seitdem haben <em>die Kunden<\/em><\/em> <em>ihn und sein Essen immer mehr sch\u00e4tzen und lieben gelernt.<\/em><\/p>\n<\/div><\/div>\n\n\n\n<p><\/p>\n","protected":false},"excerpt":{"rendered":"<p>Hakans Imbiss \u2013 Frisch, lecker und mit Liebe zubereitet! Hakans Imbiss wurde bereits im Jahr 2004 er\u00f6ffnet. Urspr\u00fcnglich starteten wir mit unserem Imbisswagen vor der damaligen Norma-Filiale in Gro\u00df Kreutz. Nur ein Jahr sp\u00e4ter zogen wir an unseren jetzigen Standort, wo wir unseren Kunden einen schnellen und schmackhaften Imbiss anbieten. Unser Angebot umfasst eine Vielzahl [&hellip;]<\/p>\n","protected":false},"author":1,"featured_media":0,"parent":0,"menu_order":1,"comment_status":"closed","ping_status":"closed","template":"","meta":{"footnotes":""},"class_list":["post-67","page","type-page","status-publish","hentry","entry"],"_links":{"self":[{"href":"https:\/\/www.hakans-imbiss.de\/index.php?rest_route=\/wp\/v2\/pages\/67","targetHints":{"allow":["GET"]}}],"collection":[{"href":"https:\/\/www.hakans-imbiss.de\/index.php?rest_route=\/wp\/v2\/pages"}],"about":[{"href":"https:\/\/www.hakans-imbiss.de\/index.php?rest_route=\/wp\/v2\/types\/page"}],"author":[{"embeddable":true,"href":"https:\/\/www.hakans-imbiss.de\/index.php?rest_route=\/wp\/v2\/users\/1"}],"replies":[{"embeddable":true,"href":"https:\/\/www.hakans-imbiss.de\/index.php?rest_route=%2Fwp%2Fv2%2Fcomments&post=67"}],"version-history":[{"count":20,"href":"https:\/\/www.hakans-imbiss.de\/index.php?rest_route=\/wp\/v2\/pages\/67\/revisions"}],"predecessor-version":[{"id":214,"href":"https:\/\/www.hakans-imbiss.de\/index.php?rest_route=\/wp\/v2\/pages\/67\/revisions\/214"}],"wp:attachment":[{"href":"https:\/\/www.hakans-imbiss.de\/index.php?rest_route=%2Fwp%2Fv2%2Fmedia&parent=67"}],"curies":[{"name":"wp","href":"https:\/\/api.w.org\/{rel}","templated":true}]}}